{"id":9793,"date":"2024-07-24T09:35:07","date_gmt":"2024-07-24T08:35:07","guid":{"rendered":"https:\/\/bastidaforwork.com\/?post_type=product&#038;p=9793"},"modified":"2025-07-24T11:50:52","modified_gmt":"2025-07-24T10:50:52","slug":"ogi-gorro-caramelo","status":"publish","type":"product","link":"https:\/\/bastidaforwork.com\/es\/producto\/ogi-gorro-caramelo\/","title":{"rendered":"Ogi gorro caramelo"},"content":{"rendered":"","protected":false},"excerpt":{"rendered":"<p>Gorra con pespuntes de decoraci\u00f3n en la visera. Cuenta con una cinta el\u00e1stica en la parte trasera para mayor adaptaci\u00f3n.<\/p>\n","protected":false},"featured_media":9781,"comment_status":"closed","ping_status":"closed","template":"","meta":{"_acf_changed":false},"product_brand":[],"product_cat":[170,278,280],"product_tag":[],"class_list":{"0":"post-9793","1":"product","2":"type-product","3":"status-publish","4":"has-post-thumbnail","6":"color-caramelo-es","7":"material-algodon-poliester","8":"product_cat-accesorios","9":"product_cat-novedades-es","10":"product_cat-ver-todo-es","11":"has_thumb","13":"first","14":"instock","15":"taxable","16":"shipping-taxable","17":"purchasable","18":"product-type-variable"},"acf":[],"_links":{"self":[{"href":"https:\/\/bastidaforwork.com\/es\/wp-json\/wp\/v2\/product\/9793","targetHints":{"allow":["GET"]}}],"collection":[{"href":"https:\/\/bastidaforwork.com\/es\/wp-json\/wp\/v2\/product"}],"about":[{"href":"https:\/\/bastidaforwork.com\/es\/wp-json\/wp\/v2\/types\/product"}],"replies":[{"embeddable":true,"href":"https:\/\/bastidaforwork.com\/es\/wp-json\/wp\/v2\/comments?post=9793"}],"wp:featuredmedia":[{"embeddable":true,"href":"https:\/\/bastidaforwork.com\/es\/wp-json\/wp\/v2\/media\/9781"}],"wp:attachment":[{"href":"https:\/\/bastidaforwork.com\/es\/wp-json\/wp\/v2\/media?parent=9793"}],"wp:term":[{"taxonomy":"product_brand","embeddable":true,"href":"https:\/\/bastidaforwork.com\/es\/wp-json\/wp\/v2\/product_brand?post=9793"},{"taxonomy":"product_cat","embeddable":true,"href":"https:\/\/bastidaforwork.com\/es\/wp-json\/wp\/v2\/product_cat?post=9793"},{"taxonomy":"product_tag","embeddable":true,"href":"https:\/\/bastidaforwork.com\/es\/wp-json\/wp\/v2\/product_tag?post=9793"}],"curies":[{"name":"wp","href":"https:\/\/api.w.org\/{rel}","templated":true}]}}