{"id":9791,"date":"2024-07-24T09:34:46","date_gmt":"2024-07-24T08:34:46","guid":{"rendered":"https:\/\/bastidaforwork.com\/?post_type=product&#038;p=9791"},"modified":"2026-03-06T18:53:35","modified_gmt":"2026-03-06T17:53:35","slug":"ogi-gorra-crudo","status":"publish","type":"product","link":"https:\/\/bastidaforwork.com\/es\/producto\/ogi-gorra-crudo\/","title":{"rendered":"Ogi gorro curdo"},"content":{"rendered":"","protected":false},"excerpt":{"rendered":"<p>Gorra con pespuntes de decoraci\u00f3n en la visera. Cuenta con una cinta el\u00e1stica en la parte trasera para mayor adaptaci\u00f3n.<\/p>\n","protected":false},"featured_media":9759,"comment_status":"closed","ping_status":"closed","template":"","meta":{"_acf_changed":false},"product_brand":[],"product_cat":[170,278,280],"product_tag":[296],"class_list":{"0":"post-9791","1":"product","2":"type-product","3":"status-publish","4":"has-post-thumbnail","6":"color-crudo-es","7":"material-algodon-organico","8":"product_cat-accesorios","9":"product_cat-novedades-es","10":"product_cat-ver-todo-es","11":"product_tag-sin-tenir","12":"has_thumb","14":"first","15":"instock","16":"taxable","17":"shipping-taxable","18":"purchasable","19":"product-type-variable"},"acf":[],"_links":{"self":[{"href":"https:\/\/bastidaforwork.com\/es\/wp-json\/wp\/v2\/product\/9791","targetHints":{"allow":["GET"]}}],"collection":[{"href":"https:\/\/bastidaforwork.com\/es\/wp-json\/wp\/v2\/product"}],"about":[{"href":"https:\/\/bastidaforwork.com\/es\/wp-json\/wp\/v2\/types\/product"}],"replies":[{"embeddable":true,"href":"https:\/\/bastidaforwork.com\/es\/wp-json\/wp\/v2\/comments?post=9791"}],"wp:featuredmedia":[{"embeddable":true,"href":"https:\/\/bastidaforwork.com\/es\/wp-json\/wp\/v2\/media\/9759"}],"wp:attachment":[{"href":"https:\/\/bastidaforwork.com\/es\/wp-json\/wp\/v2\/media?parent=9791"}],"wp:term":[{"taxonomy":"product_brand","embeddable":true,"href":"https:\/\/bastidaforwork.com\/es\/wp-json\/wp\/v2\/product_brand?post=9791"},{"taxonomy":"product_cat","embeddable":true,"href":"https:\/\/bastidaforwork.com\/es\/wp-json\/wp\/v2\/product_cat?post=9791"},{"taxonomy":"product_tag","embeddable":true,"href":"https:\/\/bastidaforwork.com\/es\/wp-json\/wp\/v2\/product_tag?post=9791"}],"curies":[{"name":"wp","href":"https:\/\/api.w.org\/{rel}","templated":true}]}}