{"id":9546,"date":"2021-10-20T06:31:46","date_gmt":"2021-10-20T05:31:46","guid":{"rendered":"https:\/\/bastidaforwork.com\/product\/cook-trousers-w\/"},"modified":"2025-07-24T12:22:56","modified_gmt":"2025-07-24T11:22:56","slug":"taku-pantalon-blanco","status":"publish","type":"product","link":"https:\/\/bastidaforwork.com\/es\/producto\/taku-pantalon-blanco\/","title":{"rendered":"Taku pantal\u00f3n blanco"},"content":{"rendered":"<p>Comfy cook trousers with a straight leg and middle waist heigh. It features an elastic waistband that can also be adjusted with a soft belt and a metallic buckle.<\/p>\n<p>This garment can be personalised with a graphic motive through a print or an embroidery. Send us your artwork at <a href=\"mailto:studio@bastidaforwork.com\">studio@bastidaforwork.com<\/a><\/p>\n","protected":false},"excerpt":{"rendered":"<p>El pantal\u00f3n Taku es un pantal\u00f3n dise\u00f1ado desde el confort y para desarrollar cualquier actividad. Su fit ancho ofrece una movilidad ilimitada. Cuenta con un cintur\u00f3n que permite adaptarse a todo tipo de cuerpos, ya sea masculino o femenino.<\/p>\n","protected":false},"featured_media":8591,"comment_status":"closed","ping_status":"closed","template":"","meta":{"_acf_changed":false},"product_brand":[],"product_cat":[328,280],"product_tag":[290,333,332],"class_list":{"0":"post-9546","1":"product","2":"type-product","3":"status-publish","4":"has-post-thumbnail","6":"color-blanco-es","7":"material-lyocel-poliester","8":"product_cat-pantalones-es","9":"product_cat-ver-todo-es","10":"product_tag-ajustable-es","11":"product_tag-cintura-elastica","12":"product_tag-cinturon-incluido-es","13":"has_thumb","15":"first","16":"instock","17":"featured","18":"taxable","19":"shipping-taxable","20":"purchasable","21":"product-type-variable"},"acf":[],"_links":{"self":[{"href":"https:\/\/bastidaforwork.com\/es\/wp-json\/wp\/v2\/product\/9546","targetHints":{"allow":["GET"]}}],"collection":[{"href":"https:\/\/bastidaforwork.com\/es\/wp-json\/wp\/v2\/product"}],"about":[{"href":"https:\/\/bastidaforwork.com\/es\/wp-json\/wp\/v2\/types\/product"}],"replies":[{"embeddable":true,"href":"https:\/\/bastidaforwork.com\/es\/wp-json\/wp\/v2\/comments?post=9546"}],"wp:featuredmedia":[{"embeddable":true,"href":"https:\/\/bastidaforwork.com\/es\/wp-json\/wp\/v2\/media\/8591"}],"wp:attachment":[{"href":"https:\/\/bastidaforwork.com\/es\/wp-json\/wp\/v2\/media?parent=9546"}],"wp:term":[{"taxonomy":"product_brand","embeddable":true,"href":"https:\/\/bastidaforwork.com\/es\/wp-json\/wp\/v2\/product_brand?post=9546"},{"taxonomy":"product_cat","embeddable":true,"href":"https:\/\/bastidaforwork.com\/es\/wp-json\/wp\/v2\/product_cat?post=9546"},{"taxonomy":"product_tag","embeddable":true,"href":"https:\/\/bastidaforwork.com\/es\/wp-json\/wp\/v2\/product_tag?post=9546"}],"curies":[{"name":"wp","href":"https:\/\/api.w.org\/{rel}","templated":true}]}}