{"id":9513,"date":"2021-10-28T10:41:50","date_gmt":"2021-10-28T09:41:50","guid":{"rendered":"https:\/\/bastidaforwork.com\/product\/white-birkenstock-a630\/"},"modified":"2024-07-17T11:35:35","modified_gmt":"2024-07-17T10:35:35","slug":"birkenstock-a630-blanco","status":"publish","type":"product","link":"https:\/\/bastidaforwork.com\/es\/producto\/birkenstock-a630-blanco\/","title":{"rendered":"Birkenstock A630 blanco"},"content":{"rendered":"","protected":false},"excerpt":{"rendered":"<p>Calzado de la marca Birkenstock para profesionales. Hecho de poliuretano y resistente al aceite y las grasas. Plantilla extra\u00edble de l\u00e1tex y corcho para mayor confort. Certificado de acuerdo con las directrices de la norma EN ISO 20347:2012 OB E (categor\u00eda SRC).<\/p>\n","protected":false},"featured_media":8206,"comment_status":"closed","ping_status":"closed","template":"","meta":{"_acf_changed":false},"product_brand":[],"product_cat":[163,391],"product_tag":[337,324],"class_list":{"0":"post-9513","1":"product","2":"type-product","3":"status-publish","4":"has-post-thumbnail","6":"color-blanco-es","7":"label-ultima-oportunidad","8":"product_cat-calzado","9":"product_cat-ultima-oportunidad","10":"product_tag-antideslizante-es","11":"product_tag-calzado-certificado-es","12":"has_thumb","14":"first","15":"instock","16":"sale","17":"featured","18":"taxable","19":"shipping-taxable","20":"purchasable","21":"product-type-variable"},"acf":[],"_links":{"self":[{"href":"https:\/\/bastidaforwork.com\/es\/wp-json\/wp\/v2\/product\/9513","targetHints":{"allow":["GET"]}}],"collection":[{"href":"https:\/\/bastidaforwork.com\/es\/wp-json\/wp\/v2\/product"}],"about":[{"href":"https:\/\/bastidaforwork.com\/es\/wp-json\/wp\/v2\/types\/product"}],"replies":[{"embeddable":true,"href":"https:\/\/bastidaforwork.com\/es\/wp-json\/wp\/v2\/comments?post=9513"}],"wp:featuredmedia":[{"embeddable":true,"href":"https:\/\/bastidaforwork.com\/es\/wp-json\/wp\/v2\/media\/8206"}],"wp:attachment":[{"href":"https:\/\/bastidaforwork.com\/es\/wp-json\/wp\/v2\/media?parent=9513"}],"wp:term":[{"taxonomy":"product_brand","embeddable":true,"href":"https:\/\/bastidaforwork.com\/es\/wp-json\/wp\/v2\/product_brand?post=9513"},{"taxonomy":"product_cat","embeddable":true,"href":"https:\/\/bastidaforwork.com\/es\/wp-json\/wp\/v2\/product_cat?post=9513"},{"taxonomy":"product_tag","embeddable":true,"href":"https:\/\/bastidaforwork.com\/es\/wp-json\/wp\/v2\/product_tag?post=9513"}],"curies":[{"name":"wp","href":"https:\/\/api.w.org\/{rel}","templated":true}]}}