{"id":9481,"date":"2022-04-17T18:09:11","date_gmt":"2022-04-17T17:09:11","guid":{"rendered":"https:\/\/bastidaforwork.com\/product\/birkenstock-a640-navy\/"},"modified":"2025-12-17T16:34:30","modified_gmt":"2025-12-17T15:34:30","slug":"birkenstock-a640-marino","status":"publish","type":"product","link":"https:\/\/bastidaforwork.com\/es\/producto\/birkenstock-a640-marino\/","title":{"rendered":"Birkenstock A640 marino"},"content":{"rendered":"","protected":false},"excerpt":{"rendered":"<p>Calzado de la marca Birkenstock para profesionales con puntera de acero que protege de impactos hasta 200 julios. Hecho de poliuretano y resistente al aceite y las grasas. Plantilla extra\u00edble de l\u00e1tex y corcho para mayor confort. Certificado de acuerdo con las directrices de la norma EN ISO 20345:2011 SB E (categor\u00eda SRC).<\/p>\n","protected":false},"featured_media":8197,"comment_status":"closed","ping_status":"closed","template":"","meta":{"_acf_changed":false},"product_brand":[],"product_cat":[163,391],"product_tag":[337,324,327],"class_list":{"0":"post-9481","1":"product","2":"type-product","3":"status-publish","4":"has-post-thumbnail","6":"color-azul-marino-es","7":"label-ultima-oportunidad","8":"product_cat-calzado","9":"product_cat-ultima-oportunidad","10":"product_tag-antideslizante-es","11":"product_tag-calzado-certificado-es","12":"product_tag-puntera-de-acero","13":"has_thumb","15":"first","16":"instock","17":"sale","18":"featured","19":"taxable","20":"shipping-taxable","21":"purchasable","22":"product-type-variable"},"acf":[],"_links":{"self":[{"href":"https:\/\/bastidaforwork.com\/es\/wp-json\/wp\/v2\/product\/9481","targetHints":{"allow":["GET"]}}],"collection":[{"href":"https:\/\/bastidaforwork.com\/es\/wp-json\/wp\/v2\/product"}],"about":[{"href":"https:\/\/bastidaforwork.com\/es\/wp-json\/wp\/v2\/types\/product"}],"replies":[{"embeddable":true,"href":"https:\/\/bastidaforwork.com\/es\/wp-json\/wp\/v2\/comments?post=9481"}],"wp:featuredmedia":[{"embeddable":true,"href":"https:\/\/bastidaforwork.com\/es\/wp-json\/wp\/v2\/media\/8197"}],"wp:attachment":[{"href":"https:\/\/bastidaforwork.com\/es\/wp-json\/wp\/v2\/media?parent=9481"}],"wp:term":[{"taxonomy":"product_brand","embeddable":true,"href":"https:\/\/bastidaforwork.com\/es\/wp-json\/wp\/v2\/product_brand?post=9481"},{"taxonomy":"product_cat","embeddable":true,"href":"https:\/\/bastidaforwork.com\/es\/wp-json\/wp\/v2\/product_cat?post=9481"},{"taxonomy":"product_tag","embeddable":true,"href":"https:\/\/bastidaforwork.com\/es\/wp-json\/wp\/v2\/product_tag?post=9481"}],"curies":[{"name":"wp","href":"https:\/\/api.w.org\/{rel}","templated":true}]}}