{"id":9468,"date":"2021-10-19T08:42:40","date_gmt":"2021-10-19T07:42:40","guid":{"rendered":"https:\/\/bastidaforwork.com\/product\/bib-apron-b\/"},"modified":"2025-07-29T10:28:28","modified_gmt":"2025-07-29T09:28:28","slug":"obu-bib-delantal-negro","status":"publish","type":"product","link":"https:\/\/bastidaforwork.com\/es\/producto\/obu-bib-delantal-negro\/","title":{"rendered":"\u014cbu bib delantal negro"},"content":{"rendered":"","protected":false},"excerpt":{"rendered":"<p>Su gran superficie, adem\u00e1s de vestir y dar un aspecto elegante, ofrece una gran protecci\u00f3n. Las tiras a lo largo de la espalda descargan el cuello del peso de la prenda para que lo puedas llevar durante horas y lo hacen adaptable a cualquier cuerpo.<\/p>\n","protected":false},"featured_media":7711,"comment_status":"closed","ping_status":"closed","template":"","meta":{"_acf_changed":false},"product_brand":[],"product_cat":[282,280],"product_tag":[268,269,313,267],"class_list":{"0":"post-9468","1":"product","2":"type-product","3":"status-publish","4":"has-post-thumbnail","6":"color-negro-es","7":"material-algodon-poliester","8":"product_cat-delantales-es","9":"product_cat-ver-todo-es","10":"product_tag-apertura-frontal-es","11":"product_tag-bolsillos-frontales-es","12":"product_tag-cintas-traseras-es","13":"product_tag-resistente-a-las-arrugas","14":"has_thumb","16":"first","17":"instock","18":"featured","19":"taxable","20":"shipping-taxable","21":"purchasable","22":"product-type-simple"},"acf":[],"_links":{"self":[{"href":"https:\/\/bastidaforwork.com\/es\/wp-json\/wp\/v2\/product\/9468","targetHints":{"allow":["GET"]}}],"collection":[{"href":"https:\/\/bastidaforwork.com\/es\/wp-json\/wp\/v2\/product"}],"about":[{"href":"https:\/\/bastidaforwork.com\/es\/wp-json\/wp\/v2\/types\/product"}],"replies":[{"embeddable":true,"href":"https:\/\/bastidaforwork.com\/es\/wp-json\/wp\/v2\/comments?post=9468"}],"wp:featuredmedia":[{"embeddable":true,"href":"https:\/\/bastidaforwork.com\/es\/wp-json\/wp\/v2\/media\/7711"}],"wp:attachment":[{"href":"https:\/\/bastidaforwork.com\/es\/wp-json\/wp\/v2\/media?parent=9468"}],"wp:term":[{"taxonomy":"product_brand","embeddable":true,"href":"https:\/\/bastidaforwork.com\/es\/wp-json\/wp\/v2\/product_brand?post=9468"},{"taxonomy":"product_cat","embeddable":true,"href":"https:\/\/bastidaforwork.com\/es\/wp-json\/wp\/v2\/product_cat?post=9468"},{"taxonomy":"product_tag","embeddable":true,"href":"https:\/\/bastidaforwork.com\/es\/wp-json\/wp\/v2\/product_tag?post=9468"}],"curies":[{"name":"wp","href":"https:\/\/api.w.org\/{rel}","templated":true}]}}