{"id":9437,"date":"2021-10-19T19:36:05","date_gmt":"2021-10-19T18:36:05","guid":{"rendered":"https:\/\/bastidaforwork.com\/product\/apron-n\/"},"modified":"2026-03-05T19:47:45","modified_gmt":"2026-03-05T18:47:45","slug":"obu-delantal-crudo","status":"publish","type":"product","link":"https:\/\/bastidaforwork.com\/es\/producto\/obu-delantal-crudo\/","title":{"rendered":"\u014cbu delantal crudo"},"content":{"rendered":"","protected":false},"excerpt":{"rendered":"<p>Cuenta con una gran superficie, que adem\u00e1s de vestir y dar un aspecto elegante, ofrece una gran protecci\u00f3n. Su cintur\u00f3n de una sola pieza evita que las cintas se rompan con el uso d\u00e1ndole una mayor resistencia y durabilidad a la prenda.<\/p>\n","protected":false},"featured_media":7772,"comment_status":"closed","ping_status":"closed","template":"","meta":{"_acf_changed":false},"product_brand":[],"product_cat":[282,280],"product_tag":[268,269,270,296],"class_list":{"0":"post-9437","1":"product","2":"type-product","3":"status-publish","4":"has-post-thumbnail","6":"color-crudo-es","7":"material-algodon-organico","8":"product_cat-delantales-es","9":"product_cat-ver-todo-es","10":"product_tag-apertura-frontal-es","11":"product_tag-bolsillos-frontales-es","12":"product_tag-cinturon-antirroturas","13":"product_tag-sin-tenir","14":"has_thumb","16":"first","17":"instock","18":"featured","19":"taxable","20":"shipping-taxable","21":"purchasable","22":"product-type-simple"},"acf":[],"_links":{"self":[{"href":"https:\/\/bastidaforwork.com\/es\/wp-json\/wp\/v2\/product\/9437","targetHints":{"allow":["GET"]}}],"collection":[{"href":"https:\/\/bastidaforwork.com\/es\/wp-json\/wp\/v2\/product"}],"about":[{"href":"https:\/\/bastidaforwork.com\/es\/wp-json\/wp\/v2\/types\/product"}],"replies":[{"embeddable":true,"href":"https:\/\/bastidaforwork.com\/es\/wp-json\/wp\/v2\/comments?post=9437"}],"wp:featuredmedia":[{"embeddable":true,"href":"https:\/\/bastidaforwork.com\/es\/wp-json\/wp\/v2\/media\/7772"}],"wp:attachment":[{"href":"https:\/\/bastidaforwork.com\/es\/wp-json\/wp\/v2\/media?parent=9437"}],"wp:term":[{"taxonomy":"product_brand","embeddable":true,"href":"https:\/\/bastidaforwork.com\/es\/wp-json\/wp\/v2\/product_brand?post=9437"},{"taxonomy":"product_cat","embeddable":true,"href":"https:\/\/bastidaforwork.com\/es\/wp-json\/wp\/v2\/product_cat?post=9437"},{"taxonomy":"product_tag","embeddable":true,"href":"https:\/\/bastidaforwork.com\/es\/wp-json\/wp\/v2\/product_tag?post=9437"}],"curies":[{"name":"wp","href":"https:\/\/api.w.org\/{rel}","templated":true}]}}