{"id":9425,"date":"2021-10-19T20:07:10","date_gmt":"2021-10-19T19:07:10","guid":{"rendered":"https:\/\/bastidaforwork.com\/product\/apron-mini-b\/"},"modified":"2026-01-27T19:06:44","modified_gmt":"2026-01-27T18:06:44","slug":"obu-delantal-mini-negro","status":"publish","type":"product","link":"https:\/\/bastidaforwork.com\/es\/producto\/obu-delantal-mini-negro\/","title":{"rendered":"\u014cbu delantal mini negro"},"content":{"rendered":"","protected":false},"excerpt":{"rendered":"<p>La versi\u00f3n mini de la familia Obu mantiene el dise\u00f1o minimalista, pero con un aspecto fresco y din\u00e1mico. Su cintur\u00f3n de una sola pieza evita que las cintas se rompan con el uso, proporcionando a la prenda mayor resistencia y durabilidad.<\/p>\n","protected":false},"featured_media":7904,"comment_status":"closed","ping_status":"closed","template":"","meta":{"_acf_changed":false},"product_brand":[],"product_cat":[282,280],"product_tag":[269,270,267],"class_list":{"0":"post-9425","1":"product","2":"type-product","3":"status-publish","4":"has-post-thumbnail","6":"color-negro-es","7":"material-algodon-poliester","8":"product_cat-delantales-es","9":"product_cat-ver-todo-es","10":"product_tag-bolsillos-frontales-es","11":"product_tag-cinturon-antirroturas","12":"product_tag-resistente-a-las-arrugas","13":"has_thumb","15":"first","16":"instock","17":"featured","18":"taxable","19":"shipping-taxable","20":"purchasable","21":"product-type-simple"},"acf":[],"_links":{"self":[{"href":"https:\/\/bastidaforwork.com\/es\/wp-json\/wp\/v2\/product\/9425","targetHints":{"allow":["GET"]}}],"collection":[{"href":"https:\/\/bastidaforwork.com\/es\/wp-json\/wp\/v2\/product"}],"about":[{"href":"https:\/\/bastidaforwork.com\/es\/wp-json\/wp\/v2\/types\/product"}],"replies":[{"embeddable":true,"href":"https:\/\/bastidaforwork.com\/es\/wp-json\/wp\/v2\/comments?post=9425"}],"wp:featuredmedia":[{"embeddable":true,"href":"https:\/\/bastidaforwork.com\/es\/wp-json\/wp\/v2\/media\/7904"}],"wp:attachment":[{"href":"https:\/\/bastidaforwork.com\/es\/wp-json\/wp\/v2\/media?parent=9425"}],"wp:term":[{"taxonomy":"product_brand","embeddable":true,"href":"https:\/\/bastidaforwork.com\/es\/wp-json\/wp\/v2\/product_brand?post=9425"},{"taxonomy":"product_cat","embeddable":true,"href":"https:\/\/bastidaforwork.com\/es\/wp-json\/wp\/v2\/product_cat?post=9425"},{"taxonomy":"product_tag","embeddable":true,"href":"https:\/\/bastidaforwork.com\/es\/wp-json\/wp\/v2\/product_tag?post=9425"}],"curies":[{"name":"wp","href":"https:\/\/api.w.org\/{rel}","templated":true}]}}