{"id":9334,"date":"2021-10-20T21:44:03","date_gmt":"2021-10-20T20:44:03","guid":{"rendered":"https:\/\/bastidaforwork.com\/product\/undyed-tote-bag\/"},"modified":"2025-07-24T11:43:00","modified_gmt":"2025-07-24T10:43:00","slug":"kobe-bolsa-natural","status":"publish","type":"product","link":"https:\/\/bastidaforwork.com\/es\/producto\/kobe-bolsa-natural\/","title":{"rendered":"Kobe bolsa natural"},"content":{"rendered":"<p>Asymmetrical tote bag with one strap and a rounded corner. Suitable for carrying quotidian objects, including a 13\u201d laptop.<\/p>\n<p>Is made with no coloration, uses less chemicals and saves water.<\/p>\n<p>This garment can be personalised with a graphic motive through a print or an embroidery. Send us your artwork at <a href=\"mailto:studio@bastidaforwork.com\">studio@bastidaforwork.com<\/a><\/p>\n<p>&nbsp;<\/p>\n","protected":false},"excerpt":{"rendered":"<p>Bolsa de tela que puedes llevar cruzada como una bandolera o en el hombro. La uni\u00f3n de las correas es muy resistente al peso debido a que est\u00e1n sujetas con los pespuntes que decoran todo el borde de la bolsa. Permite llevar un ordenador de hasta 15 pulgadas as\u00ed como documentos tama\u00f1o A4.<\/p>\n","protected":false},"featured_media":8542,"comment_status":"closed","ping_status":"closed","template":"","meta":{"_acf_changed":false},"product_brand":[],"product_cat":[170,280],"product_tag":[295,297,296],"class_list":{"0":"post-9334","1":"product","2":"type-product","3":"status-publish","4":"has-post-thumbnail","6":"color-crudo-es","7":"material-algodon-organico","8":"product_cat-accesorios","9":"product_cat-ver-todo-es","10":"product_tag-admite-un-portatil-es","11":"product_tag-resistente-al-peso","12":"product_tag-sin-tenir","13":"has_thumb","15":"first","16":"instock","17":"featured","18":"taxable","19":"shipping-taxable","20":"purchasable","21":"product-type-simple"},"acf":[],"_links":{"self":[{"href":"https:\/\/bastidaforwork.com\/es\/wp-json\/wp\/v2\/product\/9334","targetHints":{"allow":["GET"]}}],"collection":[{"href":"https:\/\/bastidaforwork.com\/es\/wp-json\/wp\/v2\/product"}],"about":[{"href":"https:\/\/bastidaforwork.com\/es\/wp-json\/wp\/v2\/types\/product"}],"replies":[{"embeddable":true,"href":"https:\/\/bastidaforwork.com\/es\/wp-json\/wp\/v2\/comments?post=9334"}],"wp:featuredmedia":[{"embeddable":true,"href":"https:\/\/bastidaforwork.com\/es\/wp-json\/wp\/v2\/media\/8542"}],"wp:attachment":[{"href":"https:\/\/bastidaforwork.com\/es\/wp-json\/wp\/v2\/media?parent=9334"}],"wp:term":[{"taxonomy":"product_brand","embeddable":true,"href":"https:\/\/bastidaforwork.com\/es\/wp-json\/wp\/v2\/product_brand?post=9334"},{"taxonomy":"product_cat","embeddable":true,"href":"https:\/\/bastidaforwork.com\/es\/wp-json\/wp\/v2\/product_cat?post=9334"},{"taxonomy":"product_tag","embeddable":true,"href":"https:\/\/bastidaforwork.com\/es\/wp-json\/wp\/v2\/product_tag?post=9334"}],"curies":[{"name":"wp","href":"https:\/\/api.w.org\/{rel}","templated":true}]}}