{"id":9327,"date":"2021-12-11T10:00:44","date_gmt":"2021-12-11T09:00:44","guid":{"rendered":"https:\/\/bastidaforwork.com\/product\/kids-bib-apron-caramel\/"},"modified":"2025-07-29T10:19:34","modified_gmt":"2025-07-29T09:19:34","slug":"obu-kids-delantal-caramelo","status":"publish","type":"product","link":"https:\/\/bastidaforwork.com\/es\/producto\/obu-kids-delantal-caramelo\/","title":{"rendered":"\u014cbu kids delantal caramelo"},"content":{"rendered":"","protected":false},"excerpt":{"rendered":"<p>Nuestro delantal m\u00e1s ic\u00f3nico en versi\u00f3n para ni\u00f1os, para que puedan cocinar como profesionales.<\/p>\n","protected":false},"featured_media":8003,"comment_status":"closed","ping_status":"closed","template":"","meta":{"_acf_changed":false},"product_brand":[],"product_cat":[282,280],"product_tag":[290,268,267],"class_list":{"0":"post-9327","1":"product","2":"type-product","3":"status-publish","4":"has-post-thumbnail","6":"color-caramelo-es","7":"material-algodon-poliester","8":"product_cat-delantales-es","9":"product_cat-ver-todo-es","10":"product_tag-ajustable-es","11":"product_tag-apertura-frontal-es","12":"product_tag-resistente-a-las-arrugas","13":"has_thumb","15":"first","16":"instock","17":"featured","18":"taxable","19":"shipping-taxable","20":"purchasable","21":"product-type-simple"},"acf":[],"_links":{"self":[{"href":"https:\/\/bastidaforwork.com\/es\/wp-json\/wp\/v2\/product\/9327","targetHints":{"allow":["GET"]}}],"collection":[{"href":"https:\/\/bastidaforwork.com\/es\/wp-json\/wp\/v2\/product"}],"about":[{"href":"https:\/\/bastidaforwork.com\/es\/wp-json\/wp\/v2\/types\/product"}],"replies":[{"embeddable":true,"href":"https:\/\/bastidaforwork.com\/es\/wp-json\/wp\/v2\/comments?post=9327"}],"wp:featuredmedia":[{"embeddable":true,"href":"https:\/\/bastidaforwork.com\/es\/wp-json\/wp\/v2\/media\/8003"}],"wp:attachment":[{"href":"https:\/\/bastidaforwork.com\/es\/wp-json\/wp\/v2\/media?parent=9327"}],"wp:term":[{"taxonomy":"product_brand","embeddable":true,"href":"https:\/\/bastidaforwork.com\/es\/wp-json\/wp\/v2\/product_brand?post=9327"},{"taxonomy":"product_cat","embeddable":true,"href":"https:\/\/bastidaforwork.com\/es\/wp-json\/wp\/v2\/product_cat?post=9327"},{"taxonomy":"product_tag","embeddable":true,"href":"https:\/\/bastidaforwork.com\/es\/wp-json\/wp\/v2\/product_tag?post=9327"}],"curies":[{"name":"wp","href":"https:\/\/api.w.org\/{rel}","templated":true}]}}