{"id":17612,"date":"2026-03-19T11:36:36","date_gmt":"2026-03-19T10:36:36","guid":{"rendered":"https:\/\/bastidaforwork.com\/?post_type=product&#038;p=17612"},"modified":"2026-03-19T11:46:58","modified_gmt":"2026-03-19T10:46:58","slug":"noto-pantalon-carbon","status":"publish","type":"product","link":"https:\/\/bastidaforwork.com\/es\/producto\/noto-pantalon-carbon\/","title":{"rendered":"Noto pantal\u00f3n carb\u00f3n"},"content":{"rendered":"<p>Comfy cook trousers with a straight leg and middle waist heigh. It features an elastic waistband that can also be adjusted with a soft belt and a metallic buckle.<\/p>\n<p>This garment can be personalised with a graphic motive through a print or an embroidery.<\/p>\n","protected":false},"excerpt":{"rendered":"<p class=\"p1\">Pantal\u00f3n multi-talla con corte barril. Se ajusta a tu cintura gracias a los botones en la parte trasera y un bot\u00f3n interior frontal a cada lado. Reg\u00falalo una vez y utiliza la cremallera frontal para el uso diario. Cada talla cubre 3 tallas: 2XS a S, M a L y XL a 2XL.<\/p>\n","protected":false},"featured_media":12936,"comment_status":"closed","ping_status":"closed","template":"","meta":{"_acf_changed":false},"product_brand":[],"product_cat":[278,328,280],"product_tag":[290,339],"class_list":{"0":"post-17612","1":"product","2":"type-product","3":"status-publish","4":"has-post-thumbnail","6":"color-carbon","7":"material-algodon-poliester","8":"product_cat-novedades-es","9":"product_cat-pantalones-es","10":"product_cat-ver-todo-es","11":"product_tag-ajustable-es","12":"product_tag-algodon-organico-es","13":"has_thumb","15":"first","16":"instock","17":"featured","18":"taxable","19":"shipping-taxable","20":"purchasable","21":"product-type-variable"},"acf":[],"_links":{"self":[{"href":"https:\/\/bastidaforwork.com\/es\/wp-json\/wp\/v2\/product\/17612","targetHints":{"allow":["GET"]}}],"collection":[{"href":"https:\/\/bastidaforwork.com\/es\/wp-json\/wp\/v2\/product"}],"about":[{"href":"https:\/\/bastidaforwork.com\/es\/wp-json\/wp\/v2\/types\/product"}],"replies":[{"embeddable":true,"href":"https:\/\/bastidaforwork.com\/es\/wp-json\/wp\/v2\/comments?post=17612"}],"wp:featuredmedia":[{"embeddable":true,"href":"https:\/\/bastidaforwork.com\/es\/wp-json\/wp\/v2\/media\/12936"}],"wp:attachment":[{"href":"https:\/\/bastidaforwork.com\/es\/wp-json\/wp\/v2\/media?parent=17612"}],"wp:term":[{"taxonomy":"product_brand","embeddable":true,"href":"https:\/\/bastidaforwork.com\/es\/wp-json\/wp\/v2\/product_brand?post=17612"},{"taxonomy":"product_cat","embeddable":true,"href":"https:\/\/bastidaforwork.com\/es\/wp-json\/wp\/v2\/product_cat?post=17612"},{"taxonomy":"product_tag","embeddable":true,"href":"https:\/\/bastidaforwork.com\/es\/wp-json\/wp\/v2\/product_tag?post=17612"}],"curies":[{"name":"wp","href":"https:\/\/api.w.org\/{rel}","templated":true}]}}