{"id":17566,"date":"2026-03-05T18:23:43","date_gmt":"2026-03-05T17:23:43","guid":{"rendered":"https:\/\/bastidaforwork.com\/?post_type=product&#038;p=17566"},"modified":"2026-03-06T19:17:15","modified_gmt":"2026-03-06T18:17:15","slug":"fuji-chaleco-natural","status":"publish","type":"product","link":"https:\/\/bastidaforwork.com\/es\/producto\/fuji-chaleco-natural\/","title":{"rendered":"Fuji chaleco natural"},"content":{"rendered":"","protected":false},"excerpt":{"rendered":"<p>Ahora lavable a 60 \u00b0C, con un color m\u00e1s s\u00f3lido y mayor resistencia para el uso diario. Algod\u00f3n puro. Sin mezclas.<\/p>\n<p>El equilibrio perfecto entre un chaleco de trabajo y un chaleco de vestir para tu uso diario. Cuenta con un bolsillo superior y bolsillos en las costuras en la parte frontal, que te permiten tener tus herramientas siempre a mano. Puedes combinarlo de muchas maneras: sobre una camisa, una camiseta o un jersey.<\/p>\n","protected":false},"featured_media":10476,"comment_status":"closed","ping_status":"closed","template":"","meta":{"_acf_changed":false},"product_brand":[],"product_cat":[302,278,280],"product_tag":[269,372,267],"class_list":{"0":"post-17566","1":"product","2":"type-product","3":"status-publish","4":"has-post-thumbnail","6":"color-natural","7":"material-algodon","8":"product_cat-camisas-es","9":"product_cat-novedades-es","10":"product_cat-ver-todo-es","11":"product_tag-bolsillos-frontales-es","12":"product_tag-corte-regular","13":"product_tag-resistente-a-las-arrugas","14":"has_thumb","16":"first","17":"instock","18":"featured","19":"taxable","20":"shipping-taxable","21":"purchasable","22":"product-type-variable"},"acf":[],"_links":{"self":[{"href":"https:\/\/bastidaforwork.com\/es\/wp-json\/wp\/v2\/product\/17566","targetHints":{"allow":["GET"]}}],"collection":[{"href":"https:\/\/bastidaforwork.com\/es\/wp-json\/wp\/v2\/product"}],"about":[{"href":"https:\/\/bastidaforwork.com\/es\/wp-json\/wp\/v2\/types\/product"}],"replies":[{"embeddable":true,"href":"https:\/\/bastidaforwork.com\/es\/wp-json\/wp\/v2\/comments?post=17566"}],"wp:featuredmedia":[{"embeddable":true,"href":"https:\/\/bastidaforwork.com\/es\/wp-json\/wp\/v2\/media\/10476"}],"wp:attachment":[{"href":"https:\/\/bastidaforwork.com\/es\/wp-json\/wp\/v2\/media?parent=17566"}],"wp:term":[{"taxonomy":"product_brand","embeddable":true,"href":"https:\/\/bastidaforwork.com\/es\/wp-json\/wp\/v2\/product_brand?post=17566"},{"taxonomy":"product_cat","embeddable":true,"href":"https:\/\/bastidaforwork.com\/es\/wp-json\/wp\/v2\/product_cat?post=17566"},{"taxonomy":"product_tag","embeddable":true,"href":"https:\/\/bastidaforwork.com\/es\/wp-json\/wp\/v2\/product_tag?post=17566"}],"curies":[{"name":"wp","href":"https:\/\/api.w.org\/{rel}","templated":true}]}}