{"id":17551,"date":"2026-03-05T18:22:35","date_gmt":"2026-03-05T17:22:35","guid":{"rendered":"https:\/\/bastidaforwork.com\/?post_type=product&#038;p=17551"},"modified":"2026-03-06T19:23:34","modified_gmt":"2026-03-06T18:23:34","slug":"fuchu-camisa-natural","status":"publish","type":"product","link":"https:\/\/bastidaforwork.com\/es\/producto\/fuchu-camisa-natural\/","title":{"rendered":"Fuchu camisa natural"},"content":{"rendered":"","protected":false},"excerpt":{"rendered":"<p class=\"p1\">Ahora lavable a 60 \u00b0C, con un color m\u00e1s s\u00f3lido y mayor resistencia para el uso diario. Algod\u00f3n puro. Sin mezclas.<\/p>\n<p>Camisa de estilo worker con un corte elegante y dise\u00f1o minimalista. El bolsillo interior y los bolsillos en las costuras quedan discretamente ocultos a la vista, pero siguen ofreciendo la funcionalidad caracter\u00edstica de esta prenda.<\/p>\n","protected":false},"featured_media":10131,"comment_status":"closed","ping_status":"closed","template":"","meta":{"_acf_changed":false},"product_brand":[],"product_cat":[302,278,280],"product_tag":[269,372,267],"class_list":{"0":"post-17551","1":"product","2":"type-product","3":"status-publish","4":"has-post-thumbnail","6":"color-natural","7":"material-algodon","8":"product_cat-camisas-es","9":"product_cat-novedades-es","10":"product_cat-ver-todo-es","11":"product_tag-bolsillos-frontales-es","12":"product_tag-corte-regular","13":"product_tag-resistente-a-las-arrugas","14":"has_thumb","16":"first","17":"instock","18":"featured","19":"taxable","20":"shipping-taxable","21":"purchasable","22":"product-type-variable"},"acf":[],"_links":{"self":[{"href":"https:\/\/bastidaforwork.com\/es\/wp-json\/wp\/v2\/product\/17551","targetHints":{"allow":["GET"]}}],"collection":[{"href":"https:\/\/bastidaforwork.com\/es\/wp-json\/wp\/v2\/product"}],"about":[{"href":"https:\/\/bastidaforwork.com\/es\/wp-json\/wp\/v2\/types\/product"}],"replies":[{"embeddable":true,"href":"https:\/\/bastidaforwork.com\/es\/wp-json\/wp\/v2\/comments?post=17551"}],"wp:featuredmedia":[{"embeddable":true,"href":"https:\/\/bastidaforwork.com\/es\/wp-json\/wp\/v2\/media\/10131"}],"wp:attachment":[{"href":"https:\/\/bastidaforwork.com\/es\/wp-json\/wp\/v2\/media?parent=17551"}],"wp:term":[{"taxonomy":"product_brand","embeddable":true,"href":"https:\/\/bastidaforwork.com\/es\/wp-json\/wp\/v2\/product_brand?post=17551"},{"taxonomy":"product_cat","embeddable":true,"href":"https:\/\/bastidaforwork.com\/es\/wp-json\/wp\/v2\/product_cat?post=17551"},{"taxonomy":"product_tag","embeddable":true,"href":"https:\/\/bastidaforwork.com\/es\/wp-json\/wp\/v2\/product_tag?post=17551"}],"curies":[{"name":"wp","href":"https:\/\/api.w.org\/{rel}","templated":true}]}}