{"id":15458,"date":"2025-12-20T09:34:44","date_gmt":"2025-12-20T08:34:44","guid":{"rendered":"https:\/\/bastidaforwork.com\/?post_type=product&#038;p=15458"},"modified":"2025-12-21T21:43:18","modified_gmt":"2025-12-21T20:43:18","slug":"estampada-koshu-sudadera-gris-azulado","status":"publish","type":"product","link":"https:\/\/bastidaforwork.com\/es\/producto\/estampada-koshu-sudadera-gris-azulado\/","title":{"rendered":"Estampada Koshu sudadera gris azulado"},"content":{"rendered":"<p>Basic brushed fleece sweatshirt with and a bomber cut. Features a 3 cm width ribbed neck, a 6,5 cm width ribbed cuff and a 6,5 width ribbed bottom hem. Suitable as a top layer for any uniform.<\/p>\n<p>This garment can be personalised with a graphic motive through a print or an embroidery. Send us your artwork at <a href=\"mailto:studio@bastidaforwork.com\">studio@bastidaforwork.com<\/a><\/p>\n<p>All orders will be shipped from the 25th of June.<\/p>\n<p>* By pre-ordering this product you contribute to reduce overproduction, a huge problem in the clothing industry.\u00a0This system allows us to organise our production more efficiently so that we can offer a 20% discount without compromising our responsive mission or quality standards.<\/p>\n","protected":false},"excerpt":{"rendered":"<p>Sudadera unisex de cuello redondo, con ilustraci\u00f3n de Joan Manel. Una oda a los oficios y a la tradici\u00f3n, reinterpretada desde una mirada contempor\u00e1nea sobre nuestro modelo Koshu. Confeccionada en tejido perchado, con fit unisex c\u00f3modo y acabados en rib el\u00e1stico en cuello, mangas y bajo.<\/p>\n","protected":false},"featured_media":15504,"comment_status":"closed","ping_status":"closed","template":"","meta":{"_acf_changed":false},"product_brand":[],"product_cat":[278,285,280],"product_tag":[339,421,299],"class_list":{"0":"post-15458","1":"product","2":"type-product","3":"status-publish","4":"has-post-thumbnail","6":"color-gris-azulado-es","7":"material-algodon-organico","8":"product_cat-novedades-es","9":"product_cat-sudaderas-es","10":"product_cat-ver-todo-es","11":"product_tag-algodon-organico-es","12":"product_tag-estampada-en-serigrafia","13":"product_tag-tejido-y-confeccionado-en-barcelona","14":"has_thumb","16":"first","17":"instock","18":"featured","19":"taxable","20":"shipping-taxable","21":"purchasable","22":"product-type-variable"},"acf":[],"_links":{"self":[{"href":"https:\/\/bastidaforwork.com\/es\/wp-json\/wp\/v2\/product\/15458","targetHints":{"allow":["GET"]}}],"collection":[{"href":"https:\/\/bastidaforwork.com\/es\/wp-json\/wp\/v2\/product"}],"about":[{"href":"https:\/\/bastidaforwork.com\/es\/wp-json\/wp\/v2\/types\/product"}],"replies":[{"embeddable":true,"href":"https:\/\/bastidaforwork.com\/es\/wp-json\/wp\/v2\/comments?post=15458"}],"wp:featuredmedia":[{"embeddable":true,"href":"https:\/\/bastidaforwork.com\/es\/wp-json\/wp\/v2\/media\/15504"}],"wp:attachment":[{"href":"https:\/\/bastidaforwork.com\/es\/wp-json\/wp\/v2\/media?parent=15458"}],"wp:term":[{"taxonomy":"product_brand","embeddable":true,"href":"https:\/\/bastidaforwork.com\/es\/wp-json\/wp\/v2\/product_brand?post=15458"},{"taxonomy":"product_cat","embeddable":true,"href":"https:\/\/bastidaforwork.com\/es\/wp-json\/wp\/v2\/product_cat?post=15458"},{"taxonomy":"product_tag","embeddable":true,"href":"https:\/\/bastidaforwork.com\/es\/wp-json\/wp\/v2\/product_tag?post=15458"}],"curies":[{"name":"wp","href":"https:\/\/api.w.org\/{rel}","templated":true}]}}