{"id":15377,"date":"2025-12-18T23:42:35","date_gmt":"2025-12-18T22:42:35","guid":{"rendered":"https:\/\/bastidaforwork.com\/?post_type=product&#038;p=15377"},"modified":"2025-12-21T21:43:16","modified_gmt":"2025-12-21T20:43:16","slug":"estampada-koshu-sudadera-natural","status":"publish","type":"product","link":"https:\/\/bastidaforwork.com\/es\/producto\/estampada-koshu-sudadera-natural\/","title":{"rendered":"Estampada Koshu sudadera natural"},"content":{"rendered":"<p>Basic brushed fleece sweatshirt with and a bomber cut. Features a 3 cm width ribbed neck, a 6,5 cm width ribbed cuff and a 6,5 width ribbed bottom hem. Suitable as a top layer for any uniform.<\/p>\n<p>Made with no coloration, uses less chemicals and saves water.<\/p>\n<p>This garment can be personalised with a graphic motive through a print or an embroidery. Send us your artwork at studio@bastidaforwork.com<\/p>\n<p>&nbsp;<\/p>\n<p>&nbsp;<\/p>\n","protected":false},"excerpt":{"rendered":"<p>Sudadera unisex de cuello redondo, con ilustraci\u00f3n de Joan Manel. Una oda a los oficios y a la tradici\u00f3n, reinterpretada desde una mirada contempor\u00e1nea sobre nuestro modelo Koshu. Confeccionada en tejido perchado, con fit unisex c\u00f3modo y acabados en rib el\u00e1stico en cuello, mangas y bajo.<\/p>\n","protected":false},"featured_media":15385,"comment_status":"closed","ping_status":"closed","template":"","meta":{"_acf_changed":false},"product_brand":[],"product_cat":[278,285,280],"product_tag":[339,421,299],"class_list":{"0":"post-15377","1":"product","2":"type-product","3":"status-publish","4":"has-post-thumbnail","6":"color-crudo-es","7":"material-algodon-organico","8":"product_cat-novedades-es","9":"product_cat-sudaderas-es","10":"product_cat-ver-todo-es","11":"product_tag-algodon-organico-es","12":"product_tag-estampada-en-serigrafia","13":"product_tag-tejido-y-confeccionado-en-barcelona","14":"has_thumb","16":"first","17":"instock","18":"featured","19":"taxable","20":"shipping-taxable","21":"purchasable","22":"product-type-variable"},"acf":[],"_links":{"self":[{"href":"https:\/\/bastidaforwork.com\/es\/wp-json\/wp\/v2\/product\/15377","targetHints":{"allow":["GET"]}}],"collection":[{"href":"https:\/\/bastidaforwork.com\/es\/wp-json\/wp\/v2\/product"}],"about":[{"href":"https:\/\/bastidaforwork.com\/es\/wp-json\/wp\/v2\/types\/product"}],"replies":[{"embeddable":true,"href":"https:\/\/bastidaforwork.com\/es\/wp-json\/wp\/v2\/comments?post=15377"}],"wp:featuredmedia":[{"embeddable":true,"href":"https:\/\/bastidaforwork.com\/es\/wp-json\/wp\/v2\/media\/15385"}],"wp:attachment":[{"href":"https:\/\/bastidaforwork.com\/es\/wp-json\/wp\/v2\/media?parent=15377"}],"wp:term":[{"taxonomy":"product_brand","embeddable":true,"href":"https:\/\/bastidaforwork.com\/es\/wp-json\/wp\/v2\/product_brand?post=15377"},{"taxonomy":"product_cat","embeddable":true,"href":"https:\/\/bastidaforwork.com\/es\/wp-json\/wp\/v2\/product_cat?post=15377"},{"taxonomy":"product_tag","embeddable":true,"href":"https:\/\/bastidaforwork.com\/es\/wp-json\/wp\/v2\/product_tag?post=15377"}],"curies":[{"name":"wp","href":"https:\/\/api.w.org\/{rel}","templated":true}]}}