{"id":12436,"date":"2025-11-13T00:11:55","date_gmt":"2025-11-12T23:11:55","guid":{"rendered":"https:\/\/bastidaforwork.com\/?post_type=product&#038;p=12436"},"modified":"2025-11-14T09:17:32","modified_gmt":"2025-11-14T08:17:32","slug":"asahi-camisa-blanca","status":"publish","type":"product","link":"https:\/\/bastidaforwork.com\/es\/producto\/asahi-camisa-blanca\/","title":{"rendered":"Asahi camisa blanca"},"content":{"rendered":"","protected":false},"excerpt":{"rendered":"<p class=\"p1\">Camisa de dise\u00f1o atemporal con un patr\u00f3n moderno. Confeccionada en algod\u00f3n pima con un ligero punto el\u00e1stico para mejorar la comodidad para trabajar y acabada con botones naturales de corozo. Una opci\u00f3n elegante para un uniforme de hosteler\u00eda o para el d\u00eda a d\u00eda.<\/p>\n","protected":false},"featured_media":12515,"comment_status":"closed","ping_status":"closed","template":"","meta":{"_acf_changed":false},"product_brand":[],"product_cat":[302,278,280],"product_tag":[405,406,407],"class_list":{"0":"post-12436","1":"product","2":"type-product","3":"status-publish","4":"has-post-thumbnail","6":"color-blanco-es","7":"product_cat-camisas-es","8":"product_cat-novedades-es","9":"product_cat-ver-todo-es","10":"product_tag-algodon-pima","11":"product_tag-corte-contemporaneo","12":"product_tag-tejido-elastico","13":"has_thumb","15":"first","16":"instock","17":"featured","18":"taxable","19":"shipping-taxable","20":"purchasable","21":"product-type-variable"},"acf":[],"_links":{"self":[{"href":"https:\/\/bastidaforwork.com\/es\/wp-json\/wp\/v2\/product\/12436","targetHints":{"allow":["GET"]}}],"collection":[{"href":"https:\/\/bastidaforwork.com\/es\/wp-json\/wp\/v2\/product"}],"about":[{"href":"https:\/\/bastidaforwork.com\/es\/wp-json\/wp\/v2\/types\/product"}],"replies":[{"embeddable":true,"href":"https:\/\/bastidaforwork.com\/es\/wp-json\/wp\/v2\/comments?post=12436"}],"wp:featuredmedia":[{"embeddable":true,"href":"https:\/\/bastidaforwork.com\/es\/wp-json\/wp\/v2\/media\/12515"}],"wp:attachment":[{"href":"https:\/\/bastidaforwork.com\/es\/wp-json\/wp\/v2\/media?parent=12436"}],"wp:term":[{"taxonomy":"product_brand","embeddable":true,"href":"https:\/\/bastidaforwork.com\/es\/wp-json\/wp\/v2\/product_brand?post=12436"},{"taxonomy":"product_cat","embeddable":true,"href":"https:\/\/bastidaforwork.com\/es\/wp-json\/wp\/v2\/product_cat?post=12436"},{"taxonomy":"product_tag","embeddable":true,"href":"https:\/\/bastidaforwork.com\/es\/wp-json\/wp\/v2\/product_tag?post=12436"}],"curies":[{"name":"wp","href":"https:\/\/api.w.org\/{rel}","templated":true}]}}