{"id":12401,"date":"2025-11-12T23:24:53","date_gmt":"2025-11-12T22:24:53","guid":{"rendered":"https:\/\/bastidaforwork.com\/?post_type=product&#038;p=12401"},"modified":"2025-11-13T18:38:44","modified_gmt":"2025-11-13T17:38:44","slug":"mori-delantal-caramelo","status":"publish","type":"product","link":"https:\/\/bastidaforwork.com\/es\/producto\/mori-delantal-caramelo\/","title":{"rendered":"Mori delantal caramelo"},"content":{"rendered":"","protected":false},"excerpt":{"rendered":"<p class=\"p1\"><span class=\"s1\">Delantal<i> <\/i>de<i> <\/i>dise\u00f1o<i> <\/i>que combina funcionalidad y confort en una silueta divertida. El Delantal Mori cubre \u00fanicamente la parte superior del cuerpo, ofreciendo total libertad de movimiento y realzando la silueta con un toque m\u00e1s pulido y contempor\u00e1neo. Sus tiras cruzadas en la espalda descargan la zona cervical, mientras que las l\u00edneas curvas y los m\u00faltiples bolsillos aportan practicidad y car\u00e1cter.<\/span><\/p>\n","protected":false},"featured_media":12529,"comment_status":"closed","ping_status":"closed","template":"","meta":{"_acf_changed":false},"product_brand":[],"product_cat":[282,278,280],"product_tag":[269,313,267,408],"class_list":{"0":"post-12401","1":"product","2":"type-product","3":"status-publish","4":"has-post-thumbnail","6":"color-caramelo-es","7":"material-algodon-poliester","8":"product_cat-delantales-es","9":"product_cat-novedades-es","10":"product_cat-ver-todo-es","11":"product_tag-bolsillos-frontales-es","12":"product_tag-cintas-traseras-es","13":"product_tag-resistente-a-las-arrugas","14":"product_tag-talla-unica","15":"has_thumb","17":"first","18":"instock","19":"featured","20":"taxable","21":"shipping-taxable","22":"purchasable","23":"product-type-simple"},"acf":[],"_links":{"self":[{"href":"https:\/\/bastidaforwork.com\/es\/wp-json\/wp\/v2\/product\/12401","targetHints":{"allow":["GET"]}}],"collection":[{"href":"https:\/\/bastidaforwork.com\/es\/wp-json\/wp\/v2\/product"}],"about":[{"href":"https:\/\/bastidaforwork.com\/es\/wp-json\/wp\/v2\/types\/product"}],"replies":[{"embeddable":true,"href":"https:\/\/bastidaforwork.com\/es\/wp-json\/wp\/v2\/comments?post=12401"}],"wp:featuredmedia":[{"embeddable":true,"href":"https:\/\/bastidaforwork.com\/es\/wp-json\/wp\/v2\/media\/12529"}],"wp:attachment":[{"href":"https:\/\/bastidaforwork.com\/es\/wp-json\/wp\/v2\/media?parent=12401"}],"wp:term":[{"taxonomy":"product_brand","embeddable":true,"href":"https:\/\/bastidaforwork.com\/es\/wp-json\/wp\/v2\/product_brand?post=12401"},{"taxonomy":"product_cat","embeddable":true,"href":"https:\/\/bastidaforwork.com\/es\/wp-json\/wp\/v2\/product_cat?post=12401"},{"taxonomy":"product_tag","embeddable":true,"href":"https:\/\/bastidaforwork.com\/es\/wp-json\/wp\/v2\/product_tag?post=12401"}],"curies":[{"name":"wp","href":"https:\/\/api.w.org\/{rel}","templated":true}]}}