{"id":10508,"date":"2024-09-22T20:42:52","date_gmt":"2024-09-22T19:42:52","guid":{"rendered":"https:\/\/bastidaforwork.com\/?post_type=product&#038;p=10508"},"modified":"2025-12-12T15:24:06","modified_gmt":"2025-12-12T14:24:06","slug":"itami-panuelo-azul-camisero","status":"publish","type":"product","link":"https:\/\/bastidaforwork.com\/es\/producto\/itami-panuelo-azul-camisero\/","title":{"rendered":"Itami pa\u00f1uelo azul camisero"},"content":{"rendered":"","protected":false},"excerpt":{"rendered":"<p class=\"p1\"><span class=\"s1\">Pa\u00f1uelo ligero de algod\u00f3n org\u00e1nico acabado con un color contrastado en todo el orillo. Gu\u00eda de cuidados estampada en el color azul.<\/span><\/p>\n","protected":false},"featured_media":10534,"comment_status":"closed","ping_status":"closed","template":"","meta":{"_acf_changed":false},"product_brand":[],"product_cat":[170,278,280],"product_tag":[339,369],"class_list":{"0":"post-10508","1":"product","2":"type-product","3":"status-publish","4":"has-post-thumbnail","6":"color-azul-camisero","7":"material-algodon-organico","8":"product_cat-accesorios","9":"product_cat-novedades-es","10":"product_cat-ver-todo-es","11":"product_tag-algodon-organico-es","12":"product_tag-versatil-es","13":"has_thumb","15":"first","16":"instock","17":"featured","18":"taxable","19":"shipping-taxable","20":"purchasable","21":"product-type-simple"},"acf":[],"_links":{"self":[{"href":"https:\/\/bastidaforwork.com\/es\/wp-json\/wp\/v2\/product\/10508","targetHints":{"allow":["GET"]}}],"collection":[{"href":"https:\/\/bastidaforwork.com\/es\/wp-json\/wp\/v2\/product"}],"about":[{"href":"https:\/\/bastidaforwork.com\/es\/wp-json\/wp\/v2\/types\/product"}],"replies":[{"embeddable":true,"href":"https:\/\/bastidaforwork.com\/es\/wp-json\/wp\/v2\/comments?post=10508"}],"wp:featuredmedia":[{"embeddable":true,"href":"https:\/\/bastidaforwork.com\/es\/wp-json\/wp\/v2\/media\/10534"}],"wp:attachment":[{"href":"https:\/\/bastidaforwork.com\/es\/wp-json\/wp\/v2\/media?parent=10508"}],"wp:term":[{"taxonomy":"product_brand","embeddable":true,"href":"https:\/\/bastidaforwork.com\/es\/wp-json\/wp\/v2\/product_brand?post=10508"},{"taxonomy":"product_cat","embeddable":true,"href":"https:\/\/bastidaforwork.com\/es\/wp-json\/wp\/v2\/product_cat?post=10508"},{"taxonomy":"product_tag","embeddable":true,"href":"https:\/\/bastidaforwork.com\/es\/wp-json\/wp\/v2\/product_tag?post=10508"}],"curies":[{"name":"wp","href":"https:\/\/api.w.org\/{rel}","templated":true}]}}